{"id":259,"date":"2025-04-28T12:40:01","date_gmt":"2025-04-28T12:40:01","guid":{"rendered":"https:\/\/emchairaesthetic.com\/galeria\/"},"modified":"2025-05-18T20:11:37","modified_gmt":"2025-05-18T20:11:37","slug":"galeria","status":"publish","type":"page","link":"https:\/\/emchairaesthetic.com\/sq\/galeria\/","title":{"rendered":"Galeria"},"content":{"rendered":"\n<header class=\"emcHeader\">\n    <div class=\"emcTopBar\">\n        <div class=\"emcContainer\">\n            <div class=\"emcContactInfo\">\n                 <a href=\"tel:+38348775077\"><i class=\"fas fa-phone-alt\"><\/i>+383 48 775 077<\/a>\n <a href=\"mailto:info@emchairaesthetic.com\"><i class=\"fas fa-envelope\"><\/i>info@emchairaesthetic.com<\/a>\n            <\/div>\n            <div class=\"emcSocial\">\n\n                <a href=\"https:\/\/www.instagram.com\/emchairaesthetickosova\/\" class=\"emcSocialLink\" target=\"_blank\" rel=\"noopener\"><i class=\"fab fa-instagram\"><\/i><\/a>\n            \n            <\/div>\n        <\/div>\n    <\/div>\n\n    <div class=\"emcMainNav\">\n        <div class=\"emcContainer\">\n            <div class=\"emcNavFlex\">\n                <div class=\"emcLogoWrap\">\n                    <a href=\"https:\/\/emchairaesthetic.com\/sq\/\" class=\"emcLogoLink\">\n                        <img decoding=\"async\" src=\"https:\/\/emchairaesthetic.com\/wp-content\/uploads\/2025\/04\/emclogo-scaled.png\" alt=\"Logoja e EMC-s\u00eb\" class=\"emcLogoImg\"\/>\n                    <\/a>\n                <\/div>\n\n                <nav class=\"emcNav\">\n                    <ul class=\"emcNavMenu\">\n                        <li class=\"emcNavItem\"><a href=\"https:\/\/emchairaesthetic.com\/sq\/\" class=\"emcNavLink\">KRYESORE<\/a><\/li>\n                        <li class=\"emcNavItem\"><a href=\"https:\/\/emchairaesthetic.com\/sq\/trajtimet\/\" class=\"emcNavLink\">TRAJTIME<\/a><\/li>\n                        <li class=\"emcNavItem emcDropdown\">\n                            <a href=\"#\" class=\"emcNavLink emcActive\">REZULTATET  <i class=\"fas fa-chevron-down\"><\/i><\/a>\n                            <div class=\"emcDropdownContent\">\n                                <a href=\"https:\/\/emchairaesthetic.com\/sq\/para-pas\/\" class=\"emcDropdownLink\">PARA \/ PAS<\/a>\n <a href=\"https:\/\/emchairaesthetic.com\/sq\/deshmi\/\" class=\"emcDropdownLink\">D\u00cbSHMI<\/a>\n <a href=\"https:\/\/emchairaesthetic.com\/sq\/galeria\/\" class=\"emcDropdownLink\">GALERIA<\/a>\n                            <\/div>\n                        <\/li>\n                        <li class=\"emcNavItem\"><a href=\"https:\/\/emchairaesthetic.com\/sq\/blog\/\" class=\"emcNavLink\">BLOG<\/a><\/li>\n                        <li class=\"emcNavItem\"><a href=\"https:\/\/emchairaesthetic.com\/faq\/\" class=\"emcNavLink\">Pyetje t\u00eb Shpeshta<\/a><\/li>\n                        <li class=\"emcNavItem\"><a href=\"https:\/\/emchairaesthetic.com\/about\/\" class=\"emcNavLink\">RRETH NESH<\/a><\/li>\n                        <li class=\"emcNavItem\"><a href=\"https:\/\/emchairaesthetic.com\/contacts\/\" class=\"emcNavLink\">KONTAKTE<\/a><\/li>\n<li class=\"emcNavItem\">\n<div class=\"wpmlLangSwitcher\">\n  \n<div\n\t class=\"wpml-ls-statics-shortcode_actions wpml-ls wpml-ls-legacy-dropdown js-wpml-ls-legacy-dropdown\">\n\t<ul>\n\n\t\t<li tabindex=\"0\" class=\"wpml-ls-slot-shortcode_actions wpml-ls-item wpml-ls-item-sq wpml-ls-current-language wpml-ls-last-item wpml-ls-item-legacy-dropdown\">\n\t\t\t<a href=\"#\" class=\"js-wpml-ls-item-toggle wpml-ls-item-toggle\">\n                                                    <img decoding=\"async\"\n            class=\"wpml-ls-flag\"\n            src=\"https:\/\/emchairaesthetic.com\/wp-content\/plugins\/sitepress-multilingual-cms\/res\/flags\/sq.svg\"\n            alt=\"Albanian\"\n            width=18\n            height=12\n    \/><\/a>\n\n\t\t\t<ul class=\"wpml-ls-sub-menu\">\n\t\t\t\t\n\t\t\t\t\t<li class=\"wpml-ls-slot-shortcode_actions wpml-ls-item wpml-ls-item-en wpml-ls-first-item\">\n\t\t\t\t\t\t<a href=\"https:\/\/emchairaesthetic.com\/\" class=\"wpml-ls-link\">\n                                                                <img decoding=\"async\"\n            class=\"wpml-ls-flag\"\n            src=\"https:\/\/emchairaesthetic.com\/wp-content\/plugins\/sitepress-multilingual-cms\/res\/flags\/en.svg\"\n            alt=\"English\"\n            width=18\n            height=12\n    \/><\/a>\n\t\t\t\t\t<\/li>\n\n\t\t\t\t\t\t\t<\/ul>\n\n\t\t<\/li>\n\n\t<\/ul>\n<\/div>\n\n<\/div>\n<\/li>\n                    <\/ul>\n                <\/nav>\n\n                <div class=\"emcMobileToggle\">\n                    <span><\/span>\n                    <span><\/span>\n                    <span><\/span>\n                <\/div>\n            <\/div>\n        <\/div>\n    <\/div>\n<\/header>\n\n<!-- Hero Slider -->\n    <section class=\"emcHeroSlider\">\n        <div class=\"emcSliderWrapper\">\n            <!-- Slide 1 -->\n            <div class=\"emcSlide active\" style=\"background-image: url('https:\/\/images.unsplash.com\/photo-1576091160550-2173dba999ef?ixlib=rb-4.0.3&#038;auto=format&#038;fit=crop&#038;w=1920&#038;h=1080&#038;q=80')\">\n                <div class=\"emcSlideContent\">\n                    <div class=\"emcSlideDecor\"><\/div>\n                    <span class=\"emcSlideSubtitle\">Welcome to EMC<\/span>\n                    <h1 class=\"emcSlideTitle\">Modern Aesthetic Solutions<\/h1>\n                    <p class=\"emcSlideText\">Experience the ultimate in aesthetic treatments with our expert team and cutting-edge technology.<\/p>\n                    <a href=\"https:\/\/emchairaesthetic.com\/treatments\/\" class=\"emcSlideBtn\">Our Treatments<\/a>\n                <\/div>\n            <\/div>\n\n            <!-- Slide 2 -->\n            <div class=\"emcSlide\" style=\"background-image: url('https:\/\/images.unsplash.com\/photo-1579684385127-1ef15d508118?ixlib=rb-4.0.3&#038;auto=format&#038;fit=crop&#038;w=1920&#038;h=1080&#038;q=80')\">\n                <div class=\"emcSlideContent\">\n                    <div class=\"emcSlideDecor\"><\/div>\n                    <span class=\"emcSlideSubtitle\">Expert Care<\/span>\n                    <h1 class=\"emcSlideTitle\">Advanced Medical Aesthetics<\/h1>\n                    <p class=\"emcSlideText\">Our clinic offers premium aesthetic treatments that enhance your natural beauty with minimal downtime.<\/p>\n                    <a href=\"https:\/\/emchairaesthetic.com\/about-us\/\" class=\"emcSlideBtn\">About Us<\/a>\n                <\/div>\n            <\/div>\n\n            <!-- Slide 3 -->\n            <div class=\"emcSlide\" style=\"background-image: url('https:\/\/images.unsplash.com\/photo-1629909613654-28e377c37b09?ixlib=rb-4.0.3&#038;auto=format&#038;fit=crop&#038;w=1920&#038;h=1080&#038;q=80')\">\n                <div class=\"emcSlideContent\">\n                    <div class=\"emcSlideDecor\"><\/div>\n                    <span class=\"emcSlideSubtitle\">Results That Speak<\/span>\n                    <h1 class=\"emcSlideTitle\">Transform Your Appearance<\/h1>\n                    <p class=\"emcSlideText\">See the remarkable difference our treatments can make with personalized care plans tailored to your needs.<\/p>\n                    <a href=\"https:\/\/emchairaesthetic.com\/before-after\/\" class=\"emcSlideBtn\">View Results<\/a>\n                <\/div>\n            <\/div>\n\n            <!-- Slider Navigation Dots -->\n            <div class=\"emcSliderDots\">\n                <span class=\"emcDot active\" data-slide=\"0\"><\/span>\n                <span class=\"emcDot\" data-slide=\"1\"><\/span>\n                <span class=\"emcDot\" data-slide=\"2\"><\/span>\n            <\/div>\n        <\/div>\n    <\/section>\n\n<section class=\"emc-hero\">\n    <div class=\"emc-hero-content\">\n        <h1>Zgjidhje Eksperte p\u00ebr Transplantimin e Flok\u00ebve<\/h1>\n        <p>Transplantimi i flok\u00ebve \u00ebsht\u00eb ideal p\u00ebr individ\u00eb t\u00eb mosh\u00ebs 18 deri n\u00eb 60 vje\u00e7 q\u00eb p\u00ebrjetojn\u00eb r\u00ebnie flok\u00ebsh ose nj\u00eb ball\u00eb t\u00eb gjer\u00eb natyrale. Kjo procedur\u00eb kryhet n\u00eb nj\u00eb mjedis spitalor duke p\u00ebrdorur teknika mikrokirurgjikale nga ekipe mjek\u00ebsore t\u00eb kualifikuara, duke siguruar nj\u00eb p\u00ebrvoj\u00eb t\u00eb sigurt dhe sterile me rezultate me pamje natyrale. <\/p>\n    <\/div>\n<\/section>\n\n<section class=\"emc-gallery\">\n        <div class=\"gallery-grid\">\n            <div class=\"gallery-item\" data-src=\"https:\/\/emchairaesthetic.com\/wp-content\/uploads\/2025\/04\/IMG-20250428-WA0036.jpg\">\n                <img decoding=\"async\" src=\"data:image\/gif;base64,R0lGODlhAQABAIAAAAAAAP\/\/\/yH5BAEAAAAALAAAAAABAAEAAAIBRAA7\" loading=\"lazy\" alt=\"Rezultati i Transplantit t\u00eb Flok\u00ebve\"\/>\n            <\/div>\n            <div class=\"gallery-item\" data-src=\"https:\/\/emchairaesthetic.com\/wp-content\/uploads\/2025\/04\/IMG-20250428-WA0035.jpg\">\n                <img decoding=\"async\" src=\"data:image\/gif;base64,R0lGODlhAQABAIAAAAAAAP\/\/\/yH5BAEAAAAALAAAAAABAAEAAAIBRAA7\" loading=\"lazy\" alt=\"Rezultati i Transplantit t\u00eb Flok\u00ebve\"\/>\n            <\/div>\n            <div class=\"gallery-item\" data-src=\"https:\/\/emchairaesthetic.com\/wp-content\/uploads\/2025\/04\/IMG-20250428-WA0033.jpg\">\n                <img decoding=\"async\" src=\"data:image\/gif;base64,R0lGODlhAQABAIAAAAAAAP\/\/\/yH5BAEAAAAALAAAAAABAAEAAAIBRAA7\" loading=\"lazy\" alt=\"Rezultati i Transplantit t\u00eb Flok\u00ebve\"\/>\n            <\/div>\n            <div class=\"gallery-item\" data-src=\"https:\/\/emchairaesthetic.com\/wp-content\/uploads\/2025\/04\/IMG-20250428-WA0034.jpg\">\n                <img decoding=\"async\" src=\"data:image\/gif;base64,R0lGODlhAQABAIAAAAAAAP\/\/\/yH5BAEAAAAALAAAAAABAAEAAAIBRAA7\" loading=\"lazy\" alt=\"Rezultati i Transplantit t\u00eb Flok\u00ebve\"\/>\n            <\/div>\n            <div class=\"gallery-item\" data-src=\"https:\/\/emchairaesthetic.com\/wp-content\/uploads\/2025\/04\/IMG-20250428-WA0031.jpg\">\n                <img decoding=\"async\" src=\"data:image\/gif;base64,R0lGODlhAQABAIAAAAAAAP\/\/\/yH5BAEAAAAALAAAAAABAAEAAAIBRAA7\" loading=\"lazy\" alt=\"Rezultati i Transplantit t\u00eb Flok\u00ebve\"\/>\n            <\/div>\n            <div class=\"gallery-item\" data-src=\"https:\/\/emchairaesthetic.com\/wp-content\/uploads\/2025\/04\/IMG-20250428-WA0032.jpg\">\n                <img decoding=\"async\" src=\"data:image\/gif;base64,R0lGODlhAQABAIAAAAAAAP\/\/\/yH5BAEAAAAALAAAAAABAAEAAAIBRAA7\" loading=\"lazy\" alt=\"Rezultati i Transplantit t\u00eb Flok\u00ebve\"\/>\n            <\/div>\n            <div class=\"gallery-item\" data-src=\"https:\/\/emchairaesthetic.com\/wp-content\/uploads\/2025\/04\/IMG-20250428-WA0030.jpg\">\n                <img decoding=\"async\" src=\"data:image\/gif;base64,R0lGODlhAQABAIAAAAAAAP\/\/\/yH5BAEAAAAALAAAAAABAAEAAAIBRAA7\" loading=\"lazy\" alt=\"Rezultati i Transplantit t\u00eb Flok\u00ebve\"\/>\n            <\/div>\n            <div class=\"gallery-item\" data-src=\"https:\/\/emchairaesthetic.com\/wp-content\/uploads\/2025\/04\/IMG-20250428-WA0029.jpg\">\n                <img decoding=\"async\" src=\"data:image\/gif;base64,R0lGODlhAQABAIAAAAAAAP\/\/\/yH5BAEAAAAALAAAAAABAAEAAAIBRAA7\" loading=\"lazy\" alt=\"Rezultati i Transplantit t\u00eb Flok\u00ebve\"\/>\n            <\/div>\n            <div class=\"gallery-item\" data-src=\"https:\/\/emchairaesthetic.com\/wp-content\/uploads\/2025\/04\/IMG-20250428-WA0028.jpg\">\n                <img decoding=\"async\" src=\"data:image\/gif;base64,R0lGODlhAQABAIAAAAAAAP\/\/\/yH5BAEAAAAALAAAAAABAAEAAAIBRAA7\" loading=\"lazy\" alt=\"Rezultati i Transplantit t\u00eb Flok\u00ebve\"\/>\n            <\/div>\n            <div class=\"gallery-item\" data-src=\"https:\/\/emchairaesthetic.com\/wp-content\/uploads\/2025\/04\/IMG-20250428-WA0026.jpg\">\n                <img decoding=\"async\" src=\"data:image\/gif;base64,R0lGODlhAQABAIAAAAAAAP\/\/\/yH5BAEAAAAALAAAAAABAAEAAAIBRAA7\" loading=\"lazy\" alt=\"Rezultati i Transplantit t\u00eb Flok\u00ebve\"\/>\n            <\/div>\n            <div class=\"gallery-item\" data-src=\"https:\/\/emchairaesthetic.com\/wp-content\/uploads\/2025\/04\/IMG-20250428-WA0027.jpg\">\n                <img decoding=\"async\" src=\"data:image\/gif;base64,R0lGODlhAQABAIAAAAAAAP\/\/\/yH5BAEAAAAALAAAAAABAAEAAAIBRAA7\" loading=\"lazy\" alt=\"Rezultati i Transplantit t\u00eb Flok\u00ebve\"\/>\n            <\/div>\n            <div class=\"gallery-item\" data-src=\"https:\/\/emchairaesthetic.com\/wp-content\/uploads\/2025\/04\/IMG-20250428-WA0025.jpg\">\n                <img decoding=\"async\" src=\"data:image\/gif;base64,R0lGODlhAQABAIAAAAAAAP\/\/\/yH5BAEAAAAALAAAAAABAAEAAAIBRAA7\" loading=\"lazy\" alt=\"Rezultati i Transplantit t\u00eb Flok\u00ebve\"\/>\n            <\/div>\n            <div class=\"gallery-item\" data-src=\"https:\/\/emchairaesthetic.com\/wp-content\/uploads\/2025\/04\/IMG-20250428-WA0024.jpg\">\n                <img decoding=\"async\" src=\"data:image\/gif;base64,R0lGODlhAQABAIAAAAAAAP\/\/\/yH5BAEAAAAALAAAAAABAAEAAAIBRAA7\" loading=\"lazy\" alt=\"Rezultati i Transplantit t\u00eb Flok\u00ebve\"\/>\n            <\/div>\n            <div class=\"gallery-item\" data-src=\"https:\/\/emchairaesthetic.com\/wp-content\/uploads\/2025\/04\/IMG-20250428-WA0023.jpg\">\n                <img decoding=\"async\" src=\"data:image\/gif;base64,R0lGODlhAQABAIAAAAAAAP\/\/\/yH5BAEAAAAALAAAAAABAAEAAAIBRAA7\" loading=\"lazy\" alt=\"Rezultati i Transplantit t\u00eb Flok\u00ebve\"\/>\n            <\/div>\n            <div class=\"gallery-item\" data-src=\"https:\/\/emchairaesthetic.com\/wp-content\/uploads\/2025\/04\/IMG-20250428-WA0021.jpg\">\n                <img decoding=\"async\" src=\"data:image\/gif;base64,R0lGODlhAQABAIAAAAAAAP\/\/\/yH5BAEAAAAALAAAAAABAAEAAAIBRAA7\" loading=\"lazy\" alt=\"Rezultati i Transplantit t\u00eb Flok\u00ebve\"\/>\n            <\/div>\n            <div class=\"gallery-item\" data-src=\"https:\/\/emchairaesthetic.com\/wp-content\/uploads\/2025\/04\/IMG-20250428-WA0022.jpg\">\n                <img decoding=\"async\" src=\"data:image\/gif;base64,R0lGODlhAQABAIAAAAAAAP\/\/\/yH5BAEAAAAALAAAAAABAAEAAAIBRAA7\" loading=\"lazy\" alt=\"Rezultati i Transplantit t\u00eb Flok\u00ebve\"\/>\n            <\/div>\n            <div class=\"gallery-item\" data-src=\"https:\/\/emchairaesthetic.com\/wp-content\/uploads\/2025\/04\/IMG-20250428-WA0020.jpg\">\n                <img decoding=\"async\" src=\"data:image\/gif;base64,R0lGODlhAQABAIAAAAAAAP\/\/\/yH5BAEAAAAALAAAAAABAAEAAAIBRAA7\" loading=\"lazy\" alt=\"Rezultati i Transplantit t\u00eb Flok\u00ebve\"\/>\n            <\/div>\n        <\/div>\n    <\/section>\n\n<!-- Footer B\u00f6l\u00fcm\u00fc -->\n<footer class=\"emcFooter\">\n    <div class=\"emcContainer\">\n        <div class=\"emcFooterGrid\">\n            <!-- Logo ve Hakk\u0131nda K\u0131sm\u0131 -->\n            <div class=\"emcFooterCol\">\n                <div class=\"emcFooterLogo\">\n                    <img decoding=\"async\" src=\"https:\/\/emchairaesthetic.com\/wp-content\/uploads\/2025\/04\/emclogo-scaled.png\" alt=\"EMC Logo\" class=\"emcFooterLogoImg\">\n                <\/div>\n                <p class=\"emcFooterAbout\">\n                    EMC Clinic has been providing premium aesthetic solutions for more than 15 years with a team of expert professionals.\n                <\/p>\n                <div class=\"emcFooterSocial\">\n             \n                    <a href=\"https:\/\/www.instagram.com\/emchairaesthetickosova\/\" target=\"_blank\" class=\"emcSocialIcon\" rel=\"noopener\"><i class=\"fab fa-instagram\"><\/i><\/a>\n                \n                <\/div>\n            <\/div>\n            \n            <!-- Faydal\u0131 Linkler -->\n            <div class=\"emcFooterCol\">\n                <h4 class=\"emcFooterTitle\">Useful Links<\/h4>\n                <ul class=\"emcFooterLinks\">\n                    <li><a href=\"https:\/\/emchairaesthetic.com\/treatments\">Treatments<\/a><\/li>\n                    <li><a href=\"https:\/\/emchairaesthetic.com\/before-after\">Results<\/a><\/li>\n                    <li><a href=\"https:\/\/emchairaesthetic.com\/blog\">Blog<\/a><\/li>\n                    <li><a href=\"https:\/\/emchairaesthetic.com\/faq\">FAQs<\/a><\/li>\n                    <li><a href=\"https:\/\/emchairaesthetic.com\/about\">About Us<\/a><\/li>\n                    <li><a href=\"https:\/\/emchairaesthetic.com\/contacts\">Contact<\/a><\/li>\n<li><a href=\"https:\/\/emchairaesthetic.com\/cookies-policy\/\">Cookies Policy<\/a><\/li>\n<li><a href=\"https:\/\/emchairaesthetic.com\/terms-conditions\/\">Terms and Conditions<\/a><\/li>\n                <\/ul>\n            <\/div>\n            \n            <!-- Newsletter Abonelik -->\n            \n<div class=\"wpcf7 no-js\" id=\"wpcf7-f290-o1\" lang=\"en-US\" dir=\"ltr\" data-wpcf7-id=\"290\">\n<div class=\"screen-reader-response\"><p role=\"status\" aria-live=\"polite\" aria-atomic=\"true\"><\/p> <ul><\/ul><\/div>\n<form action=\"\/sq\/wp-json\/wp\/v2\/pages\/259#wpcf7-f290-o1\" method=\"post\" class=\"wpcf7-form init\" aria-label=\"Contact form\" novalidate=\"novalidate\" data-status=\"init\">\n<div style=\"display: none;\">\n<input type=\"hidden\" name=\"_wpcf7\" value=\"290\" \/>\n<input type=\"hidden\" name=\"_wpcf7_version\" value=\"6.0.6\" \/>\n<input type=\"hidden\" name=\"_wpcf7_locale\" value=\"en_US\" \/>\n<input type=\"hidden\" name=\"_wpcf7_unit_tag\" value=\"wpcf7-f290-o1\" \/>\n<input type=\"hidden\" name=\"_wpcf7_container_post\" value=\"0\" \/>\n<input type=\"hidden\" name=\"_wpcf7_posted_data_hash\" value=\"\" \/>\n<\/div>\n<div class=\"emcFooterCol\">\n\t<h4 class=\"emcFooterTitle\">Newsletter\n\t<\/h4>\n\t<p class=\"emcNewsletterText\">Subscribe to our newsletter and stay up to date with all events coming straight to your inbox\n\t<\/p>\n\t<div class=\"emcNewsletterForm\">\n\t\t<p><span class=\"wpcf7-form-control-wrap\" data-name=\"your-email\"><input size=\"40\" maxlength=\"400\" class=\"wpcf7-form-control wpcf7-email wpcf7-validates-as-required wpcf7-text wpcf7-validates-as-email emcNewsletterInput\" aria-required=\"true\" aria-invalid=\"false\" placeholder=\"Enter Your Email Address\" value=\"\" type=\"email\" name=\"your-email\" \/><\/span><br \/>\n<input class=\"wpcf7-form-control wpcf7-submit has-spinner emc-submit-btn\" type=\"submit\" value=\"Send\" \/>\n\t\t<\/p>\n\t<\/div>\n\t<div class=\"emcNewsletterConsent\">\n\t\t<p><span class=\"wpcf7-form-control-wrap\" data-name=\"acceptance-369\"><span class=\"wpcf7-form-control wpcf7-acceptance optional\"><span class=\"wpcf7-list-item\"><label><input type=\"checkbox\" name=\"acceptance-369\" value=\"1\" aria-invalid=\"false\" \/><span class=\"wpcf7-list-item-label\">I agree to the <a href=\"https:\/\/emchairaesthetic.com\/terms-and-conditions\">Terms & Conditions<\/a><\/span><\/label><\/span><\/span><\/span>\n\t\t<\/p>\n\t<\/div>\n<\/div><div class=\"wpcf7-response-output\" aria-hidden=\"true\"><\/div>\n<\/form>\n<\/div>\n\n        <\/div>\n    <\/div>\n    <div class=\"emcFooterBottom\">\n        <div class=\"emcContainer\">\n            <div class=\"emcCopyright\">\n                <p>EMC Clinic &copy; 2025<\/p>\n            <\/div>\n        <\/div>\n    <\/div>\n<\/footer>\n\n <!-- Cookie Consent Banner -->\n    <div class=\"emchariefe-cookie-consent\" id=\"cookieConsent\">\n        <div class=\"emchariefe-cookie-content\">\n            <div class=\"emchariefe-cookie-header\">\n                <h2><i class=\"fas fa-cookie-bite\"><\/i> Cookie Notice<\/h2>\n                <button class=\"emchariefe-close-btn\" id=\"closeCookieBtn\"><i class=\"fas fa-times\"><\/i><\/button>\n            <\/div>\n            <div class=\"emchariefe-cookie-body\">\n                <p>We use cookies to enhance your browsing experience, serve personalized ads or content, and analyze our traffic. By clicking &#8220;Accept All&#8221;, you consent to our use of cookies.<\/p>\n                <div class=\"emchariefe-cookie-links\">\n                    <a href=\"https:\/\/emchairaesthetic.com\/cookies-policy\/\" target=\"_blank\">Cookie Policy<\/a>\n                    <a href=\"https:\/\/emchairaesthetic.com\/terms-conditions\/\" target=\"_blank\">Terms &#038; Conditions<\/a>\n                <\/div>\n            <\/div>\n            <div class=\"emchariefe-cookie-buttons\">\n                <button class=\"emchariefe-cookie-btn emchariefe-btn-reject\" id=\"rejectCookiesBtn\">Reject All<\/button>\n                <button class=\"emchariefe-cookie-btn emchariefe-btn-preferences\" id=\"cookiePreferencesBtn\">Preferences<\/button>\n                <button class=\"emchariefe-cookie-btn emchariefe-btn-accept\" id=\"acceptCookiesBtn\">Accept All<\/button>\n            <\/div>\n        <\/div>\n    <\/div>\n\n    <!-- Cookie Settings Modal -->\n    <div class=\"emchariefe-cookie-modal\" id=\"cookieModal\">\n        <div class=\"emchariefe-modal-content\">\n            <div class=\"emchariefe-modal-header\">\n                <h2>Cookie Preferences<\/h2>\n                <button class=\"emchariefe-close-btn\" id=\"closeModalBtn\"><i class=\"fas fa-times\"><\/i><\/button>\n            <\/div>\n            <div class=\"emchariefe-modal-body\">\n                <div class=\"emchariefe-cookie-option\">\n                    <div class=\"emchariefe-cookie-option-header\">\n                        <h3>Essential Cookies<\/h3>\n                        <label class=\"emchariefe-switch\">\n                            <input type=\"checkbox\" checked disabled>\n                            <span class=\"emchariefe-slider\"><\/span>\n                        <\/label>\n                    <\/div>\n                    <p>These cookies are necessary for the website to function and cannot be switched off.<\/p>\n                <\/div>\n                \n                <div class=\"emchariefe-cookie-option\">\n                    <div class=\"emchariefe-cookie-option-header\">\n                        <h3>Performance Cookies<\/h3>\n                        <label class=\"emchariefe-switch\">\n                            <input type=\"checkbox\" id=\"performanceCookies\">\n                            <span class=\"emchariefe-slider\"><\/span>\n                        <\/label>\n                    <\/div>\n                    <p>These cookies allow us to count visits and traffic sources so we can measure and improve the performance of our site.<\/p>\n                <\/div>\n                \n                <div class=\"emchariefe-cookie-option\">\n                    <div class=\"emchariefe-cookie-option-header\">\n                        <h3>Functional Cookies<\/h3>\n                        <label class=\"emchariefe-switch\">\n                            <input type=\"checkbox\" id=\"functionalCookies\">\n                            <span class=\"emchariefe-slider\"><\/span>\n                        <\/label>\n                    <\/div>\n                    <p>These cookies enable personalized features and functionality.<\/p>\n                <\/div>\n                \n                <div class=\"emchariefe-cookie-option\">\n                    <div class=\"emchariefe-cookie-option-header\">\n                        <h3>Targeting Cookies<\/h3>\n                        <label class=\"emchariefe-switch\">\n                            <input type=\"checkbox\" id=\"targetingCookies\">\n                            <span class=\"emchariefe-slider\"><\/span>\n                        <\/label>\n                    <\/div>\n                    <p>These cookies may be set through our site by our advertising partners to build a profile of your interests.<\/p>\n                <\/div>\n            <\/div>\n            <div class=\"emchariefe-modal-footer\">\n                <button class=\"emchariefe-cookie-btn emchariefe-btn-reject\" id=\"rejectAllModalBtn\">Reject All<\/button>\n                <button class=\"emchariefe-cookie-btn emchariefe-btn-save\" id=\"savePreferencesBtn\">Save Preferences<\/button>\n            <\/div>\n        <\/div>\n    <\/div>\n\n    <!-- Cookie Icon (shown after consent) -->\n    <div class=\"emchariefe-cookie-icon\" id=\"cookieIcon\">\n        <button id=\"openCookieBtn\"><i class=\"fas fa-cookie-bite\"><\/i><\/button>\n    <\/div>\n","protected":false},"excerpt":{"rendered":"<p>+383 48 775 077 info@emchairaesthetic.com KRYESORE TRAJTIME REZULTATET PARA \/ PAS D\u00cbSHMI GALERIA BLOG Pyetje t\u00eb Shpeshta RRETH NESH KONTAKTE Zgjidhje Eksperte p\u00ebr Transplantimin e Flok\u00ebve Transplantimi i flok\u00ebve \u00ebsht\u00eb ideal p\u00ebr individ\u00eb t\u00eb mosh\u00ebs 18 deri n\u00eb 60 vje\u00e7 q\u00eb p\u00ebrjetojn\u00eb r\u00ebnie flok\u00ebsh ose nj\u00eb ball\u00eb t\u00eb gjer\u00eb natyrale. Kjo procedur\u00eb kryhet n\u00eb nj\u00eb [&hellip;]<\/p>\n","protected":false},"author":1,"featured_media":0,"parent":0,"menu_order":0,"comment_status":"closed","ping_status":"closed","template":"","meta":{"footnotes":""},"class_list":["post-259","page","type-page","status-publish","hentry"],"_links":{"self":[{"href":"https:\/\/emchairaesthetic.com\/sq\/wp-json\/wp\/v2\/pages\/259","targetHints":{"allow":["GET"]}}],"collection":[{"href":"https:\/\/emchairaesthetic.com\/sq\/wp-json\/wp\/v2\/pages"}],"about":[{"href":"https:\/\/emchairaesthetic.com\/sq\/wp-json\/wp\/v2\/types\/page"}],"author":[{"embeddable":true,"href":"https:\/\/emchairaesthetic.com\/sq\/wp-json\/wp\/v2\/users\/1"}],"replies":[{"embeddable":true,"href":"https:\/\/emchairaesthetic.com\/sq\/wp-json\/wp\/v2\/comments?post=259"}],"version-history":[{"count":5,"href":"https:\/\/emchairaesthetic.com\/sq\/wp-json\/wp\/v2\/pages\/259\/revisions"}],"predecessor-version":[{"id":322,"href":"https:\/\/emchairaesthetic.com\/sq\/wp-json\/wp\/v2\/pages\/259\/revisions\/322"}],"wp:attachment":[{"href":"https:\/\/emchairaesthetic.com\/sq\/wp-json\/wp\/v2\/media?parent=259"}],"curies":[{"name":"wp","href":"https:\/\/api.w.org\/{rel}","templated":true}]}}